{"id":15082,"date":"2026-04-28T17:23:59","date_gmt":"2026-04-28T15:23:59","guid":{"rendered":"https:\/\/areon.ro\/?page_id=15082"},"modified":"2026-04-28T17:28:48","modified_gmt":"2026-04-28T15:28:48","slug":"revenim-in-curand","status":"publish","type":"page","link":"https:\/\/areon.ro\/en\/revenim-in-curand\/","title":{"rendered":"Revenim in curand!"},"content":{"rendered":"<div data-elementor-type=\"wp-page\" data-elementor-id=\"15082\" class=\"elementor elementor-15082\" data-elementor-post-type=\"page\">\n\t\t\t\t<div class=\"elementor-element elementor-element-bf77480 e-flex e-con-boxed e-con e-parent\" data-id=\"bf77480\" data-element_type=\"container\">\n\t\t\t\t\t<div class=\"e-con-inner\">\n\t\t\t\t<div class=\"elementor-element elementor-element-52293be elementor-widget elementor-widget-theme-etheme_site-logo elementor-widget-image\" data-id=\"52293be\" data-element_type=\"widget\" data-widget_type=\"theme-etheme_site-logo.default\">\n\t\t\t\t\t\t\t\t\t\t\t<a href=\"https:\/\/areon.ro\/en\">\n\t\t\t<img loading=\"lazy\" decoding=\"async\" width=\"1350\" height=\"300\" src=\"https:\/\/areon.ro\/wp-content\/uploads\/2025\/09\/ar_g_t.png\" class=\"attachment-full size-full wp-image-14963\" alt=\"\" srcset=\"https:\/\/areon.ro\/wp-content\/uploads\/2025\/09\/ar_g_t.png 1350w, https:\/\/areon.ro\/wp-content\/uploads\/2025\/09\/ar_g_t-300x67.png 300w, https:\/\/areon.ro\/wp-content\/uploads\/2025\/09\/ar_g_t-1024x228.png 1024w, https:\/\/areon.ro\/wp-content\/uploads\/2025\/09\/ar_g_t-768x171.png 768w, https:\/\/areon.ro\/wp-content\/uploads\/2025\/09\/ar_g_t-18x4.png 18w, https:\/\/areon.ro\/wp-content\/uploads\/2025\/09\/ar_g_t-600x133.png 600w, https:\/\/areon.ro\/wp-content\/uploads\/2025\/09\/ar_g_t-1x1.png 1w, https:\/\/areon.ro\/wp-content\/uploads\/2025\/09\/ar_g_t-10x2.png 10w\" sizes=\"auto, (max-width: 1350px) 100vw, 1350px\" \/>\t\t\t\t<\/a>\n\t\t\t\t\t\t\t\t\t\t\t<\/div>\n\t\t\t\t<div class=\"elementor-element elementor-element-04f206f elementor-widget elementor-widget-heading\" data-id=\"04f206f\" data-element_type=\"widget\" data-widget_type=\"heading.default\">\n\t\t\t\t\t<h2 class=\"elementor-heading-title elementor-size-default\">Revenim \u00een cur\u00e2nd cu o nou\u0103 experien\u021b\u0103 de cump\u0103r\u0103turi.<\/h2>\t\t\t\t<\/div>\n\t\t\t\t\t<\/div>\n\t\t\t\t<\/div>\n\t\t\t\t<\/div>","protected":false},"excerpt":{"rendered":"<p>Revenim \u00een cur\u00e2nd cu o nou\u0103 experien\u021b\u0103 de cump\u0103r\u0103turi.<\/p>","protected":false},"author":1,"featured_media":0,"parent":0,"menu_order":0,"comment_status":"closed","ping_status":"closed","template":"maintenance.php","meta":{"footnotes":""},"class_list":["post-15082","page","type-page","status-publish","hentry"],"yoast_head":"<!-- This site is optimized with the Yoast SEO plugin v26.3 - https:\/\/yoast.com\/wordpress\/plugins\/seo\/ -->\n<title>Revenim in curand! - Magazin Online Areon Romania<\/title>\n<meta name=\"robots\" content=\"index, follow, max-snippet:-1, max-image-preview:large, max-video-preview:-1\" \/>\n<link rel=\"canonical\" href=\"https:\/\/areon.ro\/en\/revenim-in-curand\/\" \/>\n<meta property=\"og:locale\" content=\"en_US\" \/>\n<meta property=\"og:type\" content=\"article\" \/>\n<meta property=\"og:title\" content=\"Revenim in curand! - Magazin Online Areon Romania\" \/>\n<meta property=\"og:description\" content=\"Revenim \u00een cur\u00e2nd cu o nou\u0103 experien\u021b\u0103 de cump\u0103r\u0103turi.\" \/>\n<meta property=\"og:url\" content=\"https:\/\/areon.ro\/en\/revenim-in-curand\/\" \/>\n<meta property=\"og:site_name\" content=\"Magazin Online Areon Romania\" \/>\n<meta property=\"article:modified_time\" content=\"2026-04-28T15:28:48+00:00\" \/>\n<meta name=\"twitter:card\" content=\"summary_large_image\" \/>\n<meta name=\"twitter:label1\" content=\"Est. reading time\" \/>\n\t<meta name=\"twitter:data1\" content=\"1 minute\" \/>\n<script type=\"application\/ld+json\" class=\"yoast-schema-graph\">{\"@context\":\"https:\/\/schema.org\",\"@graph\":[{\"@type\":\"WebPage\",\"@id\":\"https:\/\/areon.ro\/revenim-in-curand\/\",\"url\":\"https:\/\/areon.ro\/revenim-in-curand\/\",\"name\":\"Revenim in curand! - Magazin Online Areon Romania\",\"isPartOf\":{\"@id\":\"https:\/\/areon.ro\/#website\"},\"datePublished\":\"2026-04-28T15:23:59+00:00\",\"dateModified\":\"2026-04-28T15:28:48+00:00\",\"breadcrumb\":{\"@id\":\"https:\/\/areon.ro\/revenim-in-curand\/#breadcrumb\"},\"inLanguage\":\"en-US\",\"potentialAction\":[{\"@type\":\"ReadAction\",\"target\":[\"https:\/\/areon.ro\/revenim-in-curand\/\"]}]},{\"@type\":\"BreadcrumbList\",\"@id\":\"https:\/\/areon.ro\/revenim-in-curand\/#breadcrumb\",\"itemListElement\":[{\"@type\":\"ListItem\",\"position\":1,\"name\":\"Prima pagin\u0103\",\"item\":\"https:\/\/areon.ro\/\"},{\"@type\":\"ListItem\",\"position\":2,\"name\":\"Revenim in curand!\"}]},{\"@type\":\"WebSite\",\"@id\":\"https:\/\/areon.ro\/#website\",\"url\":\"https:\/\/areon.ro\/\",\"name\":\"Magazin Online Areon Romania\",\"description\":\"Descopera aromele care iti fac viata mai frumoasa.\",\"publisher\":{\"@id\":\"https:\/\/areon.ro\/#organization\"},\"potentialAction\":[{\"@type\":\"SearchAction\",\"target\":{\"@type\":\"EntryPoint\",\"urlTemplate\":\"https:\/\/areon.ro\/?s={search_term_string}\"},\"query-input\":{\"@type\":\"PropertyValueSpecification\",\"valueRequired\":true,\"valueName\":\"search_term_string\"}}],\"inLanguage\":\"en-US\"},{\"@type\":\"Organization\",\"@id\":\"https:\/\/areon.ro\/#organization\",\"name\":\"Magazin Online Areon Romania\",\"url\":\"https:\/\/areon.ro\/\",\"logo\":{\"@type\":\"ImageObject\",\"inLanguage\":\"en-US\",\"@id\":\"https:\/\/areon.ro\/#\/schema\/logo\/image\/\",\"url\":\"https:\/\/areon.ro\/wp-content\/uploads\/2025\/09\/ar_g_t.png\",\"contentUrl\":\"https:\/\/areon.ro\/wp-content\/uploads\/2025\/09\/ar_g_t.png\",\"width\":1350,\"height\":300,\"caption\":\"Magazin Online Areon Romania\"},\"image\":{\"@id\":\"https:\/\/areon.ro\/#\/schema\/logo\/image\/\"}}]}<\/script>\n<!-- \/ Yoast SEO plugin. -->","yoast_head_json":{"title":"Revenim in curand! - Magazin Online Areon Romania","robots":{"index":"index","follow":"follow","max-snippet":"max-snippet:-1","max-image-preview":"max-image-preview:large","max-video-preview":"max-video-preview:-1"},"canonical":"https:\/\/areon.ro\/en\/revenim-in-curand\/","og_locale":"en_US","og_type":"article","og_title":"Revenim in curand! - Magazin Online Areon Romania","og_description":"Revenim \u00een cur\u00e2nd cu o nou\u0103 experien\u021b\u0103 de cump\u0103r\u0103turi.","og_url":"https:\/\/areon.ro\/en\/revenim-in-curand\/","og_site_name":"Magazin Online Areon Romania","article_modified_time":"2026-04-28T15:28:48+00:00","twitter_card":"summary_large_image","twitter_misc":{"Est. reading time":"1 minute"},"schema":{"@context":"https:\/\/schema.org","@graph":[{"@type":"WebPage","@id":"https:\/\/areon.ro\/revenim-in-curand\/","url":"https:\/\/areon.ro\/revenim-in-curand\/","name":"Revenim in curand! - Magazin Online Areon Romania","isPartOf":{"@id":"https:\/\/areon.ro\/#website"},"datePublished":"2026-04-28T15:23:59+00:00","dateModified":"2026-04-28T15:28:48+00:00","breadcrumb":{"@id":"https:\/\/areon.ro\/revenim-in-curand\/#breadcrumb"},"inLanguage":"en-US","potentialAction":[{"@type":"ReadAction","target":["https:\/\/areon.ro\/revenim-in-curand\/"]}]},{"@type":"BreadcrumbList","@id":"https:\/\/areon.ro\/revenim-in-curand\/#breadcrumb","itemListElement":[{"@type":"ListItem","position":1,"name":"Prima pagin\u0103","item":"https:\/\/areon.ro\/"},{"@type":"ListItem","position":2,"name":"Revenim in curand!"}]},{"@type":"WebSite","@id":"https:\/\/areon.ro\/#website","url":"https:\/\/areon.ro\/","name":"Magazin Online Areon Romania","description":"Descopera aromele care iti fac viata mai frumoasa.","publisher":{"@id":"https:\/\/areon.ro\/#organization"},"potentialAction":[{"@type":"SearchAction","target":{"@type":"EntryPoint","urlTemplate":"https:\/\/areon.ro\/?s={search_term_string}"},"query-input":{"@type":"PropertyValueSpecification","valueRequired":true,"valueName":"search_term_string"}}],"inLanguage":"en-US"},{"@type":"Organization","@id":"https:\/\/areon.ro\/#organization","name":"Magazin Online Areon Romania","url":"https:\/\/areon.ro\/","logo":{"@type":"ImageObject","inLanguage":"en-US","@id":"https:\/\/areon.ro\/#\/schema\/logo\/image\/","url":"https:\/\/areon.ro\/wp-content\/uploads\/2025\/09\/ar_g_t.png","contentUrl":"https:\/\/areon.ro\/wp-content\/uploads\/2025\/09\/ar_g_t.png","width":1350,"height":300,"caption":"Magazin Online Areon Romania"},"image":{"@id":"https:\/\/areon.ro\/#\/schema\/logo\/image\/"}}]}},"_links":{"self":[{"href":"https:\/\/areon.ro\/en\/wp-json\/wp\/v2\/pages\/15082","targetHints":{"allow":["GET"]}}],"collection":[{"href":"https:\/\/areon.ro\/en\/wp-json\/wp\/v2\/pages"}],"about":[{"href":"https:\/\/areon.ro\/en\/wp-json\/wp\/v2\/types\/page"}],"author":[{"embeddable":true,"href":"https:\/\/areon.ro\/en\/wp-json\/wp\/v2\/users\/1"}],"replies":[{"embeddable":true,"href":"https:\/\/areon.ro\/en\/wp-json\/wp\/v2\/comments?post=15082"}],"version-history":[{"count":7,"href":"https:\/\/areon.ro\/en\/wp-json\/wp\/v2\/pages\/15082\/revisions"}],"predecessor-version":[{"id":15089,"href":"https:\/\/areon.ro\/en\/wp-json\/wp\/v2\/pages\/15082\/revisions\/15089"}],"wp:attachment":[{"href":"https:\/\/areon.ro\/en\/wp-json\/wp\/v2\/media?parent=15082"}],"curies":[{"name":"wp","href":"https:\/\/api.w.org\/{rel}","templated":true}]}}